{"id":9964,"date":"2021-10-14T20:25:38","date_gmt":"2021-10-15T00:25:38","guid":{"rendered":"https:\/\/csgalearn.ca\/?page_id=9964"},"modified":"2025-02-28T12:06:19","modified_gmt":"2025-02-28T17:06:19","slug":"programme-introduction-a-la-production-de-semences","status":"publish","type":"page","link":"https:\/\/csgalearn.ca\/fr\/apprendre-pour-moi-meme\/programme-introduction-a-la-production-de-semences\/","title":{"rendered":"Programme : Introduction \u00e0 la production de semences"},"content":{"rendered":"\t\t<div data-elementor-type=\"wp-page\" data-elementor-id=\"9964\" class=\"elementor elementor-9964 elementor-4025\" data-elementor-post-type=\"page\">\n\t\t\t\t\t\t<section class=\"elementor-section elementor-top-section elementor-element elementor-element-9ccecfc elementor-section-boxed elementor-section-height-default elementor-section-height-default\" data-id=\"9ccecfc\" data-element_type=\"section\" data-e-type=\"section\">\n\t\t\t\t\t\t<div class=\"elementor-container elementor-column-gap-default\">\n\t\t\t\t\t<div class=\"elementor-column elementor-col-100 elementor-top-column elementor-element elementor-element-d61eef3\" data-id=\"d61eef3\" data-element_type=\"column\" data-e-type=\"column\">\n\t\t\t<div class=\"elementor-widget-wrap elementor-element-populated\">\n\t\t\t\t\t\t<div class=\"elementor-element elementor-element-b031bbf elementor-widget elementor-widget-spacer\" data-id=\"b031bbf\" data-element_type=\"widget\" data-e-type=\"widget\" data-widget_type=\"spacer.default\">\n\t\t\t\t<div class=\"elementor-widget-container\">\n\t\t\t\t\t\t\t<div class=\"elementor-spacer\">\n\t\t\t<div class=\"elementor-spacer-inner\"><\/div>\n\t\t<\/div>\n\t\t\t\t\t\t<\/div>\n\t\t\t\t<\/div>\n\t\t\t\t\t<\/div>\n\t\t<\/div>\n\t\t\t\t\t<\/div>\n\t\t<\/section>\n\t\t\t\t<section class=\"elementor-section elementor-top-section elementor-element elementor-element-d3aafac elementor-section-boxed elementor-section-height-default elementor-section-height-default\" data-id=\"d3aafac\" data-element_type=\"section\" data-e-type=\"section\">\n\t\t\t\t\t\t<div class=\"elementor-container elementor-column-gap-default\">\n\t\t\t\t\t<div class=\"elementor-column elementor-col-33 elementor-top-column elementor-element elementor-element-7f379e6\" data-id=\"7f379e6\" data-element_type=\"column\" data-e-type=\"column\">\n\t\t\t<div class=\"elementor-widget-wrap elementor-element-populated\">\n\t\t\t\t\t\t<div class=\"elementor-element elementor-element-fe77fdf elementor-widget elementor-widget-image\" data-id=\"fe77fdf\" data-element_type=\"widget\" data-e-type=\"widget\" data-widget_type=\"image.default\">\n\t\t\t\t<div class=\"elementor-widget-container\">\n\t\t\t\t\t\t\t\t\t\t\t\t\t\t\t<img fetchpriority=\"high\" decoding=\"async\" width=\"1024\" height=\"683\" src=\"https:\/\/csgalearn.ca\/wp-content\/uploads\/2021\/06\/iStock-975806766-1024x683.jpg\" class=\"attachment-large size-large wp-image-2775\" alt=\"\" srcset=\"https:\/\/csgalearn.ca\/wp-content\/uploads\/2021\/06\/iStock-975806766-1024x683.jpg 1024w, https:\/\/csgalearn.ca\/wp-content\/uploads\/2021\/06\/iStock-975806766-300x200.jpg 300w, https:\/\/csgalearn.ca\/wp-content\/uploads\/2021\/06\/iStock-975806766-768x512.jpg 768w, https:\/\/csgalearn.ca\/wp-content\/uploads\/2021\/06\/iStock-975806766-1536x1024.jpg 1536w, https:\/\/csgalearn.ca\/wp-content\/uploads\/2021\/06\/iStock-975806766-2048x1365.jpg 2048w, https:\/\/csgalearn.ca\/wp-content\/uploads\/2021\/06\/iStock-975806766-600x400.jpg 600w\" sizes=\"(max-width: 1024px) 100vw, 1024px\" \/>\t\t\t\t\t\t\t\t\t\t\t\t\t\t\t<\/div>\n\t\t\t\t<\/div>\n\t\t\t\t\t<\/div>\n\t\t<\/div>\n\t\t\t\t<div class=\"elementor-column elementor-col-66 elementor-top-column elementor-element elementor-element-4dfbf29\" data-id=\"4dfbf29\" data-element_type=\"column\" data-e-type=\"column\">\n\t\t\t<div class=\"elementor-widget-wrap elementor-element-populated\">\n\t\t\t\t\t\t<div class=\"elementor-element elementor-element-69dedb4 elementor-widget elementor-widget-heading\" data-id=\"69dedb4\" data-element_type=\"widget\" data-e-type=\"widget\" data-widget_type=\"heading.default\">\n\t\t\t\t<div class=\"elementor-widget-container\">\n\t\t\t\t\t<h1 class=\"elementor-heading-title elementor-size-default\">Programme : Introduction \u00e0 la production de semences<\/h1>\t\t\t\t<\/div>\n\t\t\t\t<\/div>\n\t\t\t\t\t<\/div>\n\t\t<\/div>\n\t\t\t\t\t<\/div>\n\t\t<\/section>\n\t\t\t\t<section class=\"elementor-section elementor-top-section elementor-element elementor-element-a81c949 elementor-section-boxed elementor-section-height-default elementor-section-height-default\" data-id=\"a81c949\" data-element_type=\"section\" data-e-type=\"section\">\n\t\t\t\t\t\t<div class=\"elementor-container elementor-column-gap-default\">\n\t\t\t\t\t<div class=\"elementor-column elementor-col-100 elementor-top-column elementor-element elementor-element-9edfcb7\" data-id=\"9edfcb7\" data-element_type=\"column\" data-e-type=\"column\">\n\t\t\t<div class=\"elementor-widget-wrap elementor-element-populated\">\n\t\t\t\t\t\t<div class=\"elementor-element elementor-element-3c1b608 elementor-widget elementor-widget-text-editor\" data-id=\"3c1b608\" data-element_type=\"widget\" data-e-type=\"widget\" data-widget_type=\"text-editor.default\">\n\t\t\t\t<div class=\"elementor-widget-container\">\n\t\t\t\t\t\t\t\t\t<p><span data-sheets-value=\"{\" data-sheets-userformat=\"{\">Apprenez les proc\u00e9dures, normes et pratiques exemplaires de gestion pour vous aider \u00e0 r\u00e9ussir votre production de semences certifi\u00e9es.<\/span><\/p><p><span data-sheets-value=\"{\" data-sheets-userformat=\"{\">L&rsquo;ACPS se tourne vers la prochaine g\u00e9n\u00e9ration d&rsquo;agriculteurs innovateurs pour maintenir la r\u00e9putation du Canada \u00e0 l&rsquo;\u00e9chelle internationale comme producteur de semences de premi\u00e8re qualit\u00e9. Si vous \u00eates un nouveau producteur de semences, ou un professionnel du domaine des semences qui ne fait que commencer dans une entreprise semenci\u00e8re, ce programme modulaire favorisera votre r\u00e9ussite et vos premi\u00e8res ann\u00e9es de production de semences. <\/span><\/p><ul><li><span data-sheets-value=\"{\" data-sheets-userformat=\"{\">Cours 1 : Introduction au secteur canadien des semences<\/span><\/li><li><span data-sheets-value=\"{\" data-sheets-userformat=\"{\">Cours 2 : Classes de certification des semences<\/span><\/li><li><span data-sheets-value=\"{\" data-sheets-userformat=\"{\">Cours 3 : Produire des cultures de semences Fondation, Enregistr\u00e9es et Certifi\u00e9es<\/span><\/li><li><span data-sheets-value=\"{\" data-sheets-userformat=\"{\">Cours 4 : Processus de certification des cultures de semences et tra\u00e7abilit\u00e9<\/span><\/li><li><span data-sheets-value=\"{\" data-sheets-userformat=\"{\">Cours 7 : R\u00e9colte, manipulation et entreposage<\/span><\/li><\/ul>\t\t\t\t\t\t\t\t<\/div>\n\t\t\t\t<\/div>\n\t\t\t\t\t<\/div>\n\t\t<\/div>\n\t\t\t\t\t<\/div>\n\t\t<\/section>\n\t\t\t\t<section class=\"elementor-section elementor-top-section elementor-element elementor-element-5cae2e2 elementor-section-boxed elementor-section-height-default elementor-section-height-default\" data-id=\"5cae2e2\" data-element_type=\"section\" data-e-type=\"section\">\n\t\t\t\t\t\t<div class=\"elementor-container elementor-column-gap-default\">\n\t\t\t\t\t<div class=\"elementor-column elementor-col-50 elementor-top-column elementor-element elementor-element-65d1bbd\" data-id=\"65d1bbd\" data-element_type=\"column\" data-e-type=\"column\">\n\t\t\t<div class=\"elementor-widget-wrap elementor-element-populated\">\n\t\t\t\t\t\t<div class=\"elementor-element elementor-element-488c008 elementor-align-left elementor-widget__width-initial elementor-widget elementor-widget-button\" data-id=\"488c008\" data-element_type=\"widget\" data-e-type=\"widget\" data-widget_type=\"button.default\">\n\t\t\t\t<div class=\"elementor-widget-container\">\n\t\t\t\t\t\t\t\t\t<div class=\"elementor-button-wrapper\">\n\t\t\t\t\t<a class=\"elementor-button elementor-button-link elementor-size-sm\" href=\"https:\/\/csgalearn.ca\/fr\/apprendre-pour-moi-meme\/\" learning-for-me=\"\">\n\t\t\t\t\t\t<span class=\"elementor-button-content-wrapper\">\n\t\t\t\t\t\t<span class=\"elementor-button-icon\">\n\t\t\t\t<i aria-hidden=\"true\" class=\"fas fa-angle-left\"><\/i>\t\t\t<\/span>\n\t\t\t\t\t\t\t\t\t<span class=\"elementor-button-text\">Retour<\/span>\n\t\t\t\t\t<\/span>\n\t\t\t\t\t<\/a>\n\t\t\t\t<\/div>\n\t\t\t\t\t\t\t\t<\/div>\n\t\t\t\t<\/div>\n\t\t\t\t<div class=\"elementor-element elementor-element-c27f66a elementor-widget__width-auto elementor-widget elementor-widget-wc-add-to-cart\" data-id=\"c27f66a\" data-element_type=\"widget\" data-e-type=\"widget\" data-widget_type=\"wc-add-to-cart.default\">\n\t\t\t\t<div class=\"elementor-widget-container\">\n\t\t\t\t\t\t\t\t\t<div class=\"elementor-button-wrapper\">\n\t\t\t\t\t<a rel=\"nofollow\" href=\"\/fr\/wp-json\/wp\/v2\/pages\/9964?add-to-cart=10319\" data-quantity=\"1\" data-product_id=\"10319\" class=\"product_type_course add_to_cart_button ajax_add_to_cart elementor-button elementor-size-sm\" role=\"button\">\n\t\t\t\t\t\t<span class=\"elementor-button-content-wrapper\">\n\t\t\t\t\t\t<span class=\"elementor-button-icon\">\n\t\t\t\t<i aria-hidden=\"true\" class=\"fas fa-shopping-cart\"><\/i>\t\t\t<\/span>\n\t\t\t\t\t\t\t\t\t<span class=\"elementor-button-text\">Ajouter au panier<\/span>\n\t\t\t\t\t<\/span>\n\t\t\t\t\t<\/a>\n\t\t\t\t<\/div>\n\t\t\t\t\t\t\t\t<\/div>\n\t\t\t\t<\/div>\n\t\t\t\t<div class=\"elementor-element elementor-element-ac26608 elementor-widget__width-auto elementor-widget elementor-widget-heading\" data-id=\"ac26608\" data-element_type=\"widget\" data-e-type=\"widget\" data-widget_type=\"heading.default\">\n\t\t\t\t<div class=\"elementor-widget-container\">\n\t\t\t\t\t<h2 class=\"elementor-heading-title elementor-size-default\"><span class=\"woocommerce-Price-amount amount\"><span class=\"woocommerce-Price-currencySymbol\">&#036;<\/span>150.00<\/span><\/h2>\t\t\t\t<\/div>\n\t\t\t\t<\/div>\n\t\t\t\t\t<\/div>\n\t\t<\/div>\n\t\t\t\t<div class=\"elementor-column elementor-col-50 elementor-top-column elementor-element elementor-element-fdda756\" data-id=\"fdda756\" data-element_type=\"column\" data-e-type=\"column\">\n\t\t\t<div class=\"elementor-widget-wrap\">\n\t\t\t\t\t\t\t<\/div>\n\t\t<\/div>\n\t\t\t\t\t<\/div>\n\t\t<\/section>\n\t\t\t\t<section class=\"elementor-section elementor-top-section elementor-element elementor-element-9069ba2 elementor-section-boxed elementor-section-height-default elementor-section-height-default\" data-id=\"9069ba2\" data-element_type=\"section\" data-e-type=\"section\">\n\t\t\t\t\t\t<div class=\"elementor-container elementor-column-gap-default\">\n\t\t\t\t\t<div class=\"elementor-column elementor-col-100 elementor-top-column elementor-element elementor-element-6784535\" data-id=\"6784535\" data-element_type=\"column\" data-e-type=\"column\">\n\t\t\t<div class=\"elementor-widget-wrap elementor-element-populated\">\n\t\t\t\t\t\t<div class=\"elementor-element elementor-element-26b4369 elementor-widget elementor-widget-spacer\" data-id=\"26b4369\" data-element_type=\"widget\" data-e-type=\"widget\" data-widget_type=\"spacer.default\">\n\t\t\t\t<div class=\"elementor-widget-container\">\n\t\t\t\t\t\t\t<div class=\"elementor-spacer\">\n\t\t\t<div class=\"elementor-spacer-inner\"><\/div>\n\t\t<\/div>\n\t\t\t\t\t\t<\/div>\n\t\t\t\t<\/div>\n\t\t\t\t\t<\/div>\n\t\t<\/div>\n\t\t\t\t\t<\/div>\n\t\t<\/section>\n\t\t\t\t<\/div>\n\t\t","protected":false},"excerpt":{"rendered":"<p>Apprenez les proc\u00e9dures, normes et pratiques exemplaires de gestion pour vous aider \u00e0 r\u00e9ussir votre production de semences certifi\u00e9es. L&rsquo;ACPS se tourne vers la prochaine g\u00e9n\u00e9ration d&rsquo;agriculteurs innovateurs pour maintenir la r\u00e9putation du Canada \u00e0 l&rsquo;\u00e9chelle internationale comme producteur de semences de premi\u00e8re qualit\u00e9. Si vous \u00eates un nouveau producteur de semences, ou un professionnel [&hellip;]<\/p>\n","protected":false},"author":131,"featured_media":0,"parent":9962,"menu_order":0,"comment_status":"closed","ping_status":"closed","template":"","meta":{"site-sidebar-layout":"no-sidebar","site-content-layout":"page-builder","ast-site-content-layout":"default","site-content-style":"default","site-sidebar-style":"default","ast-global-header-display":"","ast-banner-title-visibility":"","ast-main-header-display":"","ast-hfb-above-header-display":"","ast-hfb-below-header-display":"","ast-hfb-mobile-header-display":"","site-post-title":"disabled","ast-breadcrumbs-content":"","ast-featured-img":"disabled","footer-sml-layout":"","ast-disable-related-posts":"","theme-transparent-header-meta":"default","adv-header-id-meta":"","stick-header-meta":"","header-above-stick-meta":"","header-main-stick-meta":"","header-below-stick-meta":"","astra-migrate-meta-layouts":"default","ast-page-background-enabled":"default","ast-page-background-meta":{"desktop":{"background-color":"","background-image":"","background-repeat":"repeat","background-position":"center center","background-size":"auto","background-attachment":"scroll","background-type":"","background-media":"","overlay-type":"","overlay-color":"","overlay-opacity":"","overlay-gradient":""},"tablet":{"background-color":"","background-image":"","background-repeat":"repeat","background-position":"center center","background-size":"auto","background-attachment":"scroll","background-type":"","background-media":"","overlay-type":"","overlay-color":"","overlay-opacity":"","overlay-gradient":""},"mobile":{"background-color":"","background-image":"","background-repeat":"repeat","background-position":"center center","background-size":"auto","background-attachment":"scroll","background-type":"","background-media":"","overlay-type":"","overlay-color":"","overlay-opacity":"","overlay-gradient":""}},"ast-content-background-meta":{"desktop":{"background-color":"var(--ast-global-color-5)","background-image":"","background-repeat":"repeat","background-position":"center center","background-size":"auto","background-attachment":"scroll","background-type":"","background-media":"","overlay-type":"","overlay-color":"","overlay-opacity":"","overlay-gradient":""},"tablet":{"background-color":"var(--ast-global-color-5)","background-image":"","background-repeat":"repeat","background-position":"center center","background-size":"auto","background-attachment":"scroll","background-type":"","background-media":"","overlay-type":"","overlay-color":"","overlay-opacity":"","overlay-gradient":""},"mobile":{"background-color":"var(--ast-global-color-5)","background-image":"","background-repeat":"repeat","background-position":"center center","background-size":"auto","background-attachment":"scroll","background-type":"","background-media":"","overlay-type":"","overlay-color":"","overlay-opacity":"","overlay-gradient":""}},"footnotes":""},"class_list":["post-9964","page","type-page","status-publish","hentry"],"_links":{"self":[{"href":"https:\/\/csgalearn.ca\/fr\/wp-json\/wp\/v2\/pages\/9964","targetHints":{"allow":["GET"]}}],"collection":[{"href":"https:\/\/csgalearn.ca\/fr\/wp-json\/wp\/v2\/pages"}],"about":[{"href":"https:\/\/csgalearn.ca\/fr\/wp-json\/wp\/v2\/types\/page"}],"author":[{"embeddable":true,"href":"https:\/\/csgalearn.ca\/fr\/wp-json\/wp\/v2\/users\/131"}],"replies":[{"embeddable":true,"href":"https:\/\/csgalearn.ca\/fr\/wp-json\/wp\/v2\/comments?post=9964"}],"version-history":[{"count":0,"href":"https:\/\/csgalearn.ca\/fr\/wp-json\/wp\/v2\/pages\/9964\/revisions"}],"up":[{"embeddable":true,"href":"https:\/\/csgalearn.ca\/fr\/wp-json\/wp\/v2\/pages\/9962"}],"wp:attachment":[{"href":"https:\/\/csgalearn.ca\/fr\/wp-json\/wp\/v2\/media?parent=9964"}],"curies":[{"name":"wp","href":"https:\/\/api.w.org\/{rel}","templated":true}]}}