{"id":9970,"date":"2021-10-14T20:25:38","date_gmt":"2021-10-15T00:25:38","guid":{"rendered":"https:\/\/csgalearn.ca\/?page_id=9970"},"modified":"2022-09-06T10:53:06","modified_gmt":"2022-09-06T14:53:06","slug":"programme-selectionneurs-de-vegetaux-licence-de-groupe","status":"publish","type":"page","link":"https:\/\/csgalearn.ca\/fr\/apprendre-pour-mon-equipe\/programme-selectionneurs-de-vegetaux-licence-de-groupe\/","title":{"rendered":"Programme : S\u00e9lectionneurs de v\u00e9g\u00e9taux (licence de groupe)"},"content":{"rendered":"\t\t<div data-elementor-type=\"wp-page\" data-elementor-id=\"9970\" class=\"elementor elementor-9970 elementor-4157\" data-elementor-post-type=\"page\">\n\t\t\t\t\t\t<section class=\"elementor-section elementor-top-section elementor-element elementor-element-c75c445 elementor-section-boxed elementor-section-height-default elementor-section-height-default\" data-id=\"c75c445\" data-element_type=\"section\" data-e-type=\"section\">\n\t\t\t\t\t\t<div class=\"elementor-container elementor-column-gap-default\">\n\t\t\t\t\t<div class=\"elementor-column elementor-col-100 elementor-top-column elementor-element elementor-element-b24326c\" data-id=\"b24326c\" data-element_type=\"column\" data-e-type=\"column\">\n\t\t\t<div class=\"elementor-widget-wrap elementor-element-populated\">\n\t\t\t\t\t\t<div class=\"elementor-element elementor-element-87dbffe elementor-widget elementor-widget-spacer\" data-id=\"87dbffe\" data-element_type=\"widget\" data-e-type=\"widget\" data-widget_type=\"spacer.default\">\n\t\t\t\t<div class=\"elementor-widget-container\">\n\t\t\t\t\t\t\t<div class=\"elementor-spacer\">\n\t\t\t<div class=\"elementor-spacer-inner\"><\/div>\n\t\t<\/div>\n\t\t\t\t\t\t<\/div>\n\t\t\t\t<\/div>\n\t\t\t\t\t<\/div>\n\t\t<\/div>\n\t\t\t\t\t<\/div>\n\t\t<\/section>\n\t\t\t\t<section class=\"elementor-section elementor-top-section elementor-element elementor-element-d3aafac elementor-section-boxed elementor-section-height-default elementor-section-height-default\" data-id=\"d3aafac\" data-element_type=\"section\" data-e-type=\"section\">\n\t\t\t\t\t\t<div class=\"elementor-container elementor-column-gap-default\">\n\t\t\t\t\t<div class=\"elementor-column elementor-col-33 elementor-top-column elementor-element elementor-element-7f379e6\" data-id=\"7f379e6\" data-element_type=\"column\" data-e-type=\"column\">\n\t\t\t<div class=\"elementor-widget-wrap elementor-element-populated\">\n\t\t\t\t\t\t<div class=\"elementor-element elementor-element-fe77fdf elementor-widget elementor-widget-image\" data-id=\"fe77fdf\" data-element_type=\"widget\" data-e-type=\"widget\" data-widget_type=\"image.default\">\n\t\t\t\t<div class=\"elementor-widget-container\">\n\t\t\t\t\t\t\t\t\t\t\t\t\t\t\t<img fetchpriority=\"high\" decoding=\"async\" width=\"1024\" height=\"683\" src=\"https:\/\/csgalearn.ca\/wp-content\/uploads\/2021\/06\/iStock-815576366-1024x683.jpg\" class=\"attachment-large size-large wp-image-2766\" alt=\"\" srcset=\"https:\/\/csgalearn.ca\/wp-content\/uploads\/2021\/06\/iStock-815576366-1024x683.jpg 1024w, https:\/\/csgalearn.ca\/wp-content\/uploads\/2021\/06\/iStock-815576366-300x200.jpg 300w, https:\/\/csgalearn.ca\/wp-content\/uploads\/2021\/06\/iStock-815576366-768x512.jpg 768w, https:\/\/csgalearn.ca\/wp-content\/uploads\/2021\/06\/iStock-815576366-1536x1024.jpg 1536w, https:\/\/csgalearn.ca\/wp-content\/uploads\/2021\/06\/iStock-815576366-2048x1365.jpg 2048w, https:\/\/csgalearn.ca\/wp-content\/uploads\/2021\/06\/iStock-815576366-600x400.jpg 600w\" sizes=\"(max-width: 1024px) 100vw, 1024px\" \/>\t\t\t\t\t\t\t\t\t\t\t\t\t\t\t<\/div>\n\t\t\t\t<\/div>\n\t\t\t\t\t<\/div>\n\t\t<\/div>\n\t\t\t\t<div class=\"elementor-column elementor-col-66 elementor-top-column elementor-element elementor-element-4dfbf29\" data-id=\"4dfbf29\" data-element_type=\"column\" data-e-type=\"column\">\n\t\t\t<div class=\"elementor-widget-wrap elementor-element-populated\">\n\t\t\t\t\t\t<div class=\"elementor-element elementor-element-69dedb4 elementor-widget elementor-widget-heading\" data-id=\"69dedb4\" data-element_type=\"widget\" data-e-type=\"widget\" data-widget_type=\"heading.default\">\n\t\t\t\t<div class=\"elementor-widget-container\">\n\t\t\t\t\t<h1 class=\"elementor-heading-title elementor-size-default\">Programme : S\u00e9lectionneurs de v\u00e9g\u00e9taux (licence de groupe)<\/h1>\t\t\t\t<\/div>\n\t\t\t\t<\/div>\n\t\t\t\t\t<\/div>\n\t\t<\/div>\n\t\t\t\t\t<\/div>\n\t\t<\/section>\n\t\t\t\t<section class=\"elementor-section elementor-top-section elementor-element elementor-element-a81c949 elementor-section-boxed elementor-section-height-default elementor-section-height-default\" data-id=\"a81c949\" data-element_type=\"section\" data-e-type=\"section\">\n\t\t\t\t\t\t<div class=\"elementor-container elementor-column-gap-default\">\n\t\t\t\t\t<div class=\"elementor-column elementor-col-100 elementor-top-column elementor-element elementor-element-9edfcb7\" data-id=\"9edfcb7\" data-element_type=\"column\" data-e-type=\"column\">\n\t\t\t<div class=\"elementor-widget-wrap elementor-element-populated\">\n\t\t\t\t\t\t<div class=\"elementor-element elementor-element-3c1b608 elementor-widget elementor-widget-text-editor\" data-id=\"3c1b608\" data-element_type=\"widget\" data-e-type=\"widget\" data-widget_type=\"text-editor.default\">\n\t\t\t\t<div class=\"elementor-widget-container\">\n\t\t\t\t\t\t\t\t\t<p><span data-sheets-value=\"{&quot;1&quot;:2,&quot;2&quot;:&quot;Con\u00e7u pour les s\u00e9lectionneurs de v\u00e9g\u00e9taux afin qu'ils apprennent \u00e0 conna\u00eetre les exigences pour produire des semences de S\u00e9lectionneur certifi\u00e9es au Canada.&quot;}\" data-sheets-userformat=\"{&quot;2&quot;:14653,&quot;3&quot;:{&quot;1&quot;:0,&quot;3&quot;:1},&quot;5&quot;:{&quot;1&quot;:[{&quot;1&quot;:2,&quot;2&quot;:0,&quot;5&quot;:{&quot;1&quot;:2,&quot;2&quot;:0}},{&quot;1&quot;:0,&quot;2&quot;:0,&quot;3&quot;:3},{&quot;1&quot;:1,&quot;2&quot;:0,&quot;4&quot;:1}]},&quot;6&quot;:{&quot;1&quot;:[{&quot;1&quot;:2,&quot;2&quot;:0,&quot;5&quot;:{&quot;1&quot;:2,&quot;2&quot;:0}},{&quot;1&quot;:0,&quot;2&quot;:0,&quot;3&quot;:3},{&quot;1&quot;:1,&quot;2&quot;:0,&quot;4&quot;:1}]},&quot;7&quot;:{&quot;1&quot;:[{&quot;1&quot;:2,&quot;2&quot;:0,&quot;5&quot;:{&quot;1&quot;:2,&quot;2&quot;:0}},{&quot;1&quot;:0,&quot;2&quot;:0,&quot;3&quot;:3},{&quot;1&quot;:1,&quot;2&quot;:0,&quot;4&quot;:1}]},&quot;8&quot;:{&quot;1&quot;:[{&quot;1&quot;:2,&quot;2&quot;:0,&quot;5&quot;:{&quot;1&quot;:2,&quot;2&quot;:0}},{&quot;1&quot;:0,&quot;2&quot;:0,&quot;3&quot;:3},{&quot;1&quot;:1,&quot;2&quot;:0,&quot;4&quot;:1}]},&quot;11&quot;:4,&quot;14&quot;:{&quot;1&quot;:3,&quot;3&quot;:1},&quot;15&quot;:&quot;Calibri&quot;,&quot;16&quot;:11}\">Con\u00e7u pour les s\u00e9lectionneurs de v\u00e9g\u00e9taux afin qu&rsquo;ils apprennent \u00e0 conna\u00eetre les exigences pour produire des semences de S\u00e9lectionneur certifi\u00e9es au Canada.<\/span><\/p><p><span data-sheets-value=\"{&quot;1&quot;:2,&quot;2&quot;:&quot;Un s\u00e9lectionneur de v\u00e9g\u00e9taux reconnu par l'ACPS \u0153uvre dans la s\u00e9lection et la cr\u00e9ation de vari\u00e9t\u00e9s et est charg\u00e9 de maintenir la puret\u00e9 et l'identit\u00e9 g\u00e9n\u00e9tiques de vari\u00e9t\u00e9s. Au Canada, seuls les s\u00e9lectionneurs de v\u00e9g\u00e9taux reconnus par l'ACPS qui ont suivi un processus de reconnaissance professionnelle ayant fait l'objet d'un examen par des pairs peuvent valider les descriptions des vari\u00e9t\u00e9s requises pour l'enregistrement des vari\u00e9t\u00e9s. Le programme suivant vous aidera \u00e0 comprendre le processus de reconnaissance des s\u00e9lectionneurs de v\u00e9g\u00e9taux de l'ACPS, les exigences relatives \u00e0 l'enregistrement des vari\u00e9t\u00e9s et \u00e0 la certification des semences de S\u00e9lectionneur ainsi que les responsabilit\u00e9s des s\u00e9lectionneurs de v\u00e9g\u00e9taux reconnus. &quot;}\" data-sheets-userformat=\"{&quot;2&quot;:14653,&quot;3&quot;:{&quot;1&quot;:0,&quot;3&quot;:1},&quot;5&quot;:{&quot;1&quot;:[{&quot;1&quot;:2,&quot;2&quot;:0,&quot;5&quot;:{&quot;1&quot;:2,&quot;2&quot;:0}},{&quot;1&quot;:0,&quot;2&quot;:0,&quot;3&quot;:3},{&quot;1&quot;:1,&quot;2&quot;:0,&quot;4&quot;:1}]},&quot;6&quot;:{&quot;1&quot;:[{&quot;1&quot;:2,&quot;2&quot;:0,&quot;5&quot;:{&quot;1&quot;:2,&quot;2&quot;:0}},{&quot;1&quot;:0,&quot;2&quot;:0,&quot;3&quot;:3},{&quot;1&quot;:1,&quot;2&quot;:0,&quot;4&quot;:1}]},&quot;7&quot;:{&quot;1&quot;:[{&quot;1&quot;:2,&quot;2&quot;:0,&quot;5&quot;:{&quot;1&quot;:2,&quot;2&quot;:0}},{&quot;1&quot;:0,&quot;2&quot;:0,&quot;3&quot;:3},{&quot;1&quot;:1,&quot;2&quot;:0,&quot;4&quot;:1}]},&quot;8&quot;:{&quot;1&quot;:[{&quot;1&quot;:2,&quot;2&quot;:0,&quot;5&quot;:{&quot;1&quot;:2,&quot;2&quot;:0}},{&quot;1&quot;:0,&quot;2&quot;:0,&quot;3&quot;:3},{&quot;1&quot;:1,&quot;2&quot;:0,&quot;4&quot;:1}]},&quot;11&quot;:4,&quot;14&quot;:{&quot;1&quot;:3,&quot;3&quot;:1},&quot;15&quot;:&quot;Calibri&quot;,&quot;16&quot;:11}\">Un s\u00e9lectionneur de v\u00e9g\u00e9taux reconnu par l&rsquo;ACPS \u0153uvre dans la s\u00e9lection et la cr\u00e9ation de vari\u00e9t\u00e9s et est charg\u00e9 de maintenir la puret\u00e9 et l&rsquo;identit\u00e9 g\u00e9n\u00e9tiques de vari\u00e9t\u00e9s. Au Canada, seuls les s\u00e9lectionneurs de v\u00e9g\u00e9taux reconnus par l&rsquo;ACPS qui ont suivi un processus de reconnaissance professionnelle ayant fait l&rsquo;objet d&rsquo;un examen par des pairs peuvent valider les descriptions des vari\u00e9t\u00e9s requises pour l&rsquo;enregistrement des vari\u00e9t\u00e9s. Le programme suivant vous aidera \u00e0 comprendre le processus de reconnaissance des s\u00e9lectionneurs de v\u00e9g\u00e9taux de l&rsquo;ACPS, les exigences relatives \u00e0 l&rsquo;enregistrement des vari\u00e9t\u00e9s et \u00e0 la certification des semences de S\u00e9lectionneur ainsi que les responsabilit\u00e9s des s\u00e9lectionneurs de v\u00e9g\u00e9taux reconnus. <\/span><\/p><ul><li>Cours 1 : Introduction au secteur canadien des semences<\/li><li>Cours 6 : Production de parcelles<\/li><li>Cours 10 : Production de semences de S\u00e9lectionneur<\/li><\/ul>\t\t\t\t\t\t\t\t<\/div>\n\t\t\t\t<\/div>\n\t\t\t\t\t<\/div>\n\t\t<\/div>\n\t\t\t\t\t<\/div>\n\t\t<\/section>\n\t\t\t\t<section class=\"elementor-section elementor-top-section elementor-element elementor-element-5cae2e2 elementor-section-boxed elementor-section-height-default elementor-section-height-default\" data-id=\"5cae2e2\" data-element_type=\"section\" data-e-type=\"section\">\n\t\t\t\t\t\t<div class=\"elementor-container elementor-column-gap-default\">\n\t\t\t\t\t<div class=\"elementor-column elementor-col-50 elementor-top-column elementor-element elementor-element-65d1bbd\" data-id=\"65d1bbd\" data-element_type=\"column\" data-e-type=\"column\">\n\t\t\t<div class=\"elementor-widget-wrap elementor-element-populated\">\n\t\t\t\t\t\t<div class=\"elementor-element elementor-element-9d0f134 elementor-widget__width-auto elementor-widget elementor-widget-button\" data-id=\"9d0f134\" data-element_type=\"widget\" data-e-type=\"widget\" data-widget_type=\"button.default\">\n\t\t\t\t<div class=\"elementor-widget-container\">\n\t\t\t\t\t\t\t\t\t<div class=\"elementor-button-wrapper\">\n\t\t\t\t\t<a class=\"elementor-button elementor-button-link elementor-size-sm\" href=\"https:\/\/csgalearn.ca\/fr\/group-management-buy-courses\/?select=Programme%20:%20S\u00e9lectionneurs%20de%20v\u00e9g\u00e9taux%20(licence%20de%20groupe)\">\n\t\t\t\t\t\t<span class=\"elementor-button-content-wrapper\">\n\t\t\t\t\t\t<span class=\"elementor-button-icon\">\n\t\t\t\t<i aria-hidden=\"true\" class=\"fas fa-shopping-cart\"><\/i>\t\t\t<\/span>\n\t\t\t\t\t\t\t\t\t<span class=\"elementor-button-text\">Ajouter au panier<\/span>\n\t\t\t\t\t<\/span>\n\t\t\t\t\t<\/a>\n\t\t\t\t<\/div>\n\t\t\t\t\t\t\t\t<\/div>\n\t\t\t\t<\/div>\n\t\t\t\t<div class=\"elementor-element elementor-element-3a3042b elementor-widget__width-auto elementor-widget elementor-widget-heading\" data-id=\"3a3042b\" data-element_type=\"widget\" data-e-type=\"widget\" data-widget_type=\"heading.default\">\n\t\t\t\t<div class=\"elementor-widget-container\">\n\t\t\t\t\t<h2 class=\"elementor-heading-title elementor-size-default\"><span class=\"woocommerce-Price-amount amount\"><span class=\"woocommerce-Price-currencySymbol\">&#036;<\/span>85.00<\/span><\/h2>\t\t\t\t<\/div>\n\t\t\t\t<\/div>\n\t\t\t\t\t<\/div>\n\t\t<\/div>\n\t\t\t\t<div class=\"elementor-column elementor-col-50 elementor-top-column elementor-element elementor-element-fdda756\" data-id=\"fdda756\" data-element_type=\"column\" data-e-type=\"column\">\n\t\t\t<div class=\"elementor-widget-wrap elementor-element-populated\">\n\t\t\t\t\t\t<div class=\"elementor-element elementor-element-de7ece9 elementor-align-right elementor-widget elementor-widget-button\" data-id=\"de7ece9\" data-element_type=\"widget\" data-e-type=\"widget\" data-widget_type=\"button.default\">\n\t\t\t\t<div class=\"elementor-widget-container\">\n\t\t\t\t\t\t\t\t\t<div class=\"elementor-button-wrapper\">\n\t\t\t\t\t<a class=\"elementor-button elementor-button-link elementor-size-sm\" href=\"https:\/\/csgalearn.ca\/fr\/apprendre-pour-mon-equipe\/\">\n\t\t\t\t\t\t<span class=\"elementor-button-content-wrapper\">\n\t\t\t\t\t\t\t\t\t<span class=\"elementor-button-text\">Retour<\/span>\n\t\t\t\t\t<\/span>\n\t\t\t\t\t<\/a>\n\t\t\t\t<\/div>\n\t\t\t\t\t\t\t\t<\/div>\n\t\t\t\t<\/div>\n\t\t\t\t\t<\/div>\n\t\t<\/div>\n\t\t\t\t\t<\/div>\n\t\t<\/section>\n\t\t\t\t<section class=\"elementor-section elementor-top-section elementor-element elementor-element-f40e718 elementor-section-boxed elementor-section-height-default elementor-section-height-default\" data-id=\"f40e718\" data-element_type=\"section\" data-e-type=\"section\">\n\t\t\t\t\t\t<div class=\"elementor-container elementor-column-gap-default\">\n\t\t\t\t\t<div class=\"elementor-column elementor-col-100 elementor-top-column elementor-element elementor-element-531b804\" data-id=\"531b804\" data-element_type=\"column\" data-e-type=\"column\">\n\t\t\t<div class=\"elementor-widget-wrap elementor-element-populated\">\n\t\t\t\t\t\t<div class=\"elementor-element elementor-element-c07ac0c elementor-widget elementor-widget-spacer\" data-id=\"c07ac0c\" data-element_type=\"widget\" data-e-type=\"widget\" data-widget_type=\"spacer.default\">\n\t\t\t\t<div class=\"elementor-widget-container\">\n\t\t\t\t\t\t\t<div class=\"elementor-spacer\">\n\t\t\t<div class=\"elementor-spacer-inner\"><\/div>\n\t\t<\/div>\n\t\t\t\t\t\t<\/div>\n\t\t\t\t<\/div>\n\t\t\t\t\t<\/div>\n\t\t<\/div>\n\t\t\t\t\t<\/div>\n\t\t<\/section>\n\t\t\t\t<\/div>\n\t\t","protected":false},"excerpt":{"rendered":"<p>Con\u00e7u pour les s\u00e9lectionneurs de v\u00e9g\u00e9taux afin qu&rsquo;ils apprennent \u00e0 conna\u00eetre les exigences pour produire des semences de S\u00e9lectionneur certifi\u00e9es au Canada. Un s\u00e9lectionneur de v\u00e9g\u00e9taux reconnu par l&rsquo;ACPS \u0153uvre dans la s\u00e9lection et la cr\u00e9ation de vari\u00e9t\u00e9s et est charg\u00e9 de maintenir la puret\u00e9 et l&rsquo;identit\u00e9 g\u00e9n\u00e9tiques de vari\u00e9t\u00e9s. Au Canada, seuls les s\u00e9lectionneurs [&hellip;]<\/p>\n","protected":false},"author":131,"featured_media":0,"parent":9967,"menu_order":0,"comment_status":"closed","ping_status":"closed","template":"","meta":{"site-sidebar-layout":"no-sidebar","site-content-layout":"page-builder","ast-site-content-layout":"default","site-content-style":"default","site-sidebar-style":"default","ast-global-header-display":"","ast-banner-title-visibility":"","ast-main-header-display":"","ast-hfb-above-header-display":"","ast-hfb-below-header-display":"","ast-hfb-mobile-header-display":"","site-post-title":"disabled","ast-breadcrumbs-content":"","ast-featured-img":"disabled","footer-sml-layout":"","ast-disable-related-posts":"","theme-transparent-header-meta":"default","adv-header-id-meta":"","stick-header-meta":"","header-above-stick-meta":"","header-main-stick-meta":"","header-below-stick-meta":"","astra-migrate-meta-layouts":"default","ast-page-background-enabled":"default","ast-page-background-meta":{"desktop":{"background-color":"","background-image":"","background-repeat":"repeat","background-position":"center center","background-size":"auto","background-attachment":"scroll","background-type":"","background-media":"","overlay-type":"","overlay-color":"","overlay-opacity":"","overlay-gradient":""},"tablet":{"background-color":"","background-image":"","background-repeat":"repeat","background-position":"center center","background-size":"auto","background-attachment":"scroll","background-type":"","background-media":"","overlay-type":"","overlay-color":"","overlay-opacity":"","overlay-gradient":""},"mobile":{"background-color":"","background-image":"","background-repeat":"repeat","background-position":"center center","background-size":"auto","background-attachment":"scroll","background-type":"","background-media":"","overlay-type":"","overlay-color":"","overlay-opacity":"","overlay-gradient":""}},"ast-content-background-meta":{"desktop":{"background-color":"var(--ast-global-color-5)","background-image":"","background-repeat":"repeat","background-position":"center center","background-size":"auto","background-attachment":"scroll","background-type":"","background-media":"","overlay-type":"","overlay-color":"","overlay-opacity":"","overlay-gradient":""},"tablet":{"background-color":"var(--ast-global-color-5)","background-image":"","background-repeat":"repeat","background-position":"center center","background-size":"auto","background-attachment":"scroll","background-type":"","background-media":"","overlay-type":"","overlay-color":"","overlay-opacity":"","overlay-gradient":""},"mobile":{"background-color":"var(--ast-global-color-5)","background-image":"","background-repeat":"repeat","background-position":"center center","background-size":"auto","background-attachment":"scroll","background-type":"","background-media":"","overlay-type":"","overlay-color":"","overlay-opacity":"","overlay-gradient":""}},"footnotes":""},"class_list":["post-9970","page","type-page","status-publish","hentry"],"_links":{"self":[{"href":"https:\/\/csgalearn.ca\/fr\/wp-json\/wp\/v2\/pages\/9970","targetHints":{"allow":["GET"]}}],"collection":[{"href":"https:\/\/csgalearn.ca\/fr\/wp-json\/wp\/v2\/pages"}],"about":[{"href":"https:\/\/csgalearn.ca\/fr\/wp-json\/wp\/v2\/types\/page"}],"author":[{"embeddable":true,"href":"https:\/\/csgalearn.ca\/fr\/wp-json\/wp\/v2\/users\/131"}],"replies":[{"embeddable":true,"href":"https:\/\/csgalearn.ca\/fr\/wp-json\/wp\/v2\/comments?post=9970"}],"version-history":[{"count":0,"href":"https:\/\/csgalearn.ca\/fr\/wp-json\/wp\/v2\/pages\/9970\/revisions"}],"up":[{"embeddable":true,"href":"https:\/\/csgalearn.ca\/fr\/wp-json\/wp\/v2\/pages\/9967"}],"wp:attachment":[{"href":"https:\/\/csgalearn.ca\/fr\/wp-json\/wp\/v2\/media?parent=9970"}],"curies":[{"name":"wp","href":"https:\/\/api.w.org\/{rel}","templated":true}]}}