{"id":10319,"date":"2022-05-06T13:43:28","date_gmt":"2022-05-06T17:43:28","guid":{"rendered":"https:\/\/csgalearn.ca\/?post_type=product&#038;p=10319"},"modified":"2022-06-14T15:24:42","modified_gmt":"2022-06-14T19:24:42","slug":"programme-introduction-a-la-production-de-semences","status":"publish","type":"product","link":"https:\/\/csgalearn.ca\/fr\/produit\/programme-introduction-a-la-production-de-semences\/","title":{"rendered":"Programme : Introduction \u00e0 la production de semences"},"content":{"rendered":"<p>Apprenez les proc\u00e9dures, normes et pratiques exemplaires de gestion pour vous aider \u00e0 r\u00e9ussir votre production de semences certifi\u00e9es.<\/p>\n<p>CSGA looks to the next generation of innovative farmers to carry on Canada&rsquo;s international reputation for premium quality seed production. If you are a new seed grower, or a seed professional just starting out in a seed business, this modular program will support your success and first years in seed production.<\/p>\n<p>This program includes the following courses:<\/p>\n<ul>\n<li>Course 1: Introduction to the Canadian Seed Sector<\/li>\n<li>Course 2: Seed Certification Classes<\/li>\n<li>Course 3: Producing Foundation, Registered and Certified Seed Crops<\/li>\n<li>Course 4: Seed Crop Certification Process and Traceability<\/li>\n<li>Course 7: Harvest, Handling and Storage<\/li>\n<\/ul>\n","protected":false},"excerpt":{"rendered":"<p>Apprenez les proc\u00e9dures, normes et pratiques exemplaires de gestion pour vous aider \u00e0 r\u00e9ussir votre production de semences certifi\u00e9es. CSGA looks to the next generation of innovative farmers to carry on Canada&rsquo;s international reputation for premium quality seed production. If you are a new seed grower, or a seed professional just starting out in a [&hellip;]<\/p>\n","protected":false},"featured_media":2775,"template":"","meta":{"site-sidebar-layout":"default","site-content-layout":"default","ast-site-content-layout":"default","site-content-style":"default","site-sidebar-style":"default","ast-global-header-display":"","ast-banner-title-visibility":"","ast-main-header-display":"","ast-hfb-above-header-display":"","ast-hfb-below-header-display":"","ast-hfb-mobile-header-display":"","site-post-title":"","ast-breadcrumbs-content":"","ast-featured-img":"","footer-sml-layout":"","ast-disable-related-posts":"","theme-transparent-header-meta":"default","adv-header-id-meta":"","stick-header-meta":"default","header-above-stick-meta":"","header-main-stick-meta":"","header-below-stick-meta":"","astra-migrate-meta-layouts":"default","ast-page-background-enabled":"default","ast-page-background-meta":{"desktop":{"background-color":"","background-image":"","background-repeat":"repeat","background-position":"center center","background-size":"auto","background-attachment":"scroll","background-type":"","background-media":"","overlay-type":"","overlay-color":"","overlay-opacity":"","overlay-gradient":""},"tablet":{"background-color":"","background-image":"","background-repeat":"repeat","background-position":"center center","background-size":"auto","background-attachment":"scroll","background-type":"","background-media":"","overlay-type":"","overlay-color":"","overlay-opacity":"","overlay-gradient":""},"mobile":{"background-color":"","background-image":"","background-repeat":"repeat","background-position":"center center","background-size":"auto","background-attachment":"scroll","background-type":"","background-media":"","overlay-type":"","overlay-color":"","overlay-opacity":"","overlay-gradient":""}},"ast-content-background-meta":{"desktop":{"background-color":"var(--ast-global-color-5)","background-image":"","background-repeat":"repeat","background-position":"center center","background-size":"auto","background-attachment":"scroll","background-type":"","background-media":"","overlay-type":"","overlay-color":"","overlay-opacity":"","overlay-gradient":""},"tablet":{"background-color":"var(--ast-global-color-5)","background-image":"","background-repeat":"repeat","background-position":"center center","background-size":"auto","background-attachment":"scroll","background-type":"","background-media":"","overlay-type":"","overlay-color":"","overlay-opacity":"","overlay-gradient":""},"mobile":{"background-color":"var(--ast-global-color-5)","background-image":"","background-repeat":"repeat","background-position":"center center","background-size":"auto","background-attachment":"scroll","background-type":"","background-media":"","overlay-type":"","overlay-color":"","overlay-opacity":"","overlay-gradient":""}}},"product_brand":[],"product_cat":[15],"product_tag":[40],"class_list":{"0":"post-10319","1":"product","2":"type-product","3":"status-publish","4":"has-post-thumbnail","6":"product_cat-uncategorized","7":"product_tag-individual-fr","8":"desktop-align-left","9":"tablet-align-left","10":"mobile-align-left","12":"first","13":"instock","14":"sale","15":"virtual","16":"sold-individually","17":"taxable","18":"purchasable","19":"product-type-course"},"_links":{"self":[{"href":"https:\/\/csgalearn.ca\/fr\/wp-json\/wp\/v2\/product\/10319","targetHints":{"allow":["GET"]}}],"collection":[{"href":"https:\/\/csgalearn.ca\/fr\/wp-json\/wp\/v2\/product"}],"about":[{"href":"https:\/\/csgalearn.ca\/fr\/wp-json\/wp\/v2\/types\/product"}],"version-history":[{"count":0,"href":"https:\/\/csgalearn.ca\/fr\/wp-json\/wp\/v2\/product\/10319\/revisions"}],"wp:featuredmedia":[{"embeddable":true,"href":"https:\/\/csgalearn.ca\/fr\/wp-json\/wp\/v2\/media\/2775"}],"wp:attachment":[{"href":"https:\/\/csgalearn.ca\/fr\/wp-json\/wp\/v2\/media?parent=10319"}],"wp:term":[{"taxonomy":"product_brand","embeddable":true,"href":"https:\/\/csgalearn.ca\/fr\/wp-json\/wp\/v2\/product_brand?post=10319"},{"taxonomy":"product_cat","embeddable":true,"href":"https:\/\/csgalearn.ca\/fr\/wp-json\/wp\/v2\/product_cat?post=10319"},{"taxonomy":"product_tag","embeddable":true,"href":"https:\/\/csgalearn.ca\/fr\/wp-json\/wp\/v2\/product_tag?post=10319"}],"curies":[{"name":"wp","href":"https:\/\/api.w.org\/{rel}","templated":true}]}}